{"id":88,"date":"2012-02-07T17:11:42","date_gmt":"2012-02-07T17:11:42","guid":{"rendered":"http:\/\/anders-kreative-kurse-peine.de\/?page_id=88"},"modified":"2024-06-30T08:20:41","modified_gmt":"2024-06-30T08:20:41","slug":"home","status":"publish","type":"page","link":"https:\/\/anders-kreative-kurse-peine.de\/","title":{"rendered":"Willkommen bei Anders- Kreative Kurse und Ideen"},"content":{"rendered":"\n<p><\/p>\n\n\n\n<p><strong><mark style=\"background-color:rgba(0, 0, 0, 0);color:#0c1ead\" class=\"has-inline-color\">Ich bin Astrid Zummach, <\/mark><\/strong><\/p>\n\n\n\n<p>Berufsp\u00e4dagogin, Tanzp\u00e4dagogin, Trainerin f\u00fcr Gesundheitssport und ich war von 2002 bis 2010 Studienr\u00e4tin f\u00fcr Deutsch und Textil an einer Berufsbildenden Schule in Braunschweig.<\/p>\n\n\n\n<p>Im Herbst 2010 habe ich <strong><mark style=\"background-color:rgba(0, 0, 0, 0);color:#ce0404\" class=\"has-inline-color\">&#8220; Anders- Kreative Kurse und Ideen&#8220; <\/mark><\/strong>ins Leben gerufen-<\/p>\n\n\n\n<p>eine <strong>M\u00f6glichkeit f\u00fcr dich<\/strong> im privaten Rahmen <strong>kreative Kurse in kleinen Gruppen<\/strong> zu buchen, die eigenen <strong>F\u00e4hig- und Fertigkeiten<\/strong> zu <strong>entdecken <\/strong>und <strong>auszubauen <\/strong>und das <strong>alles mit Spa\u00df<\/strong> <strong>und Freunde \ud83d\ude42<\/strong><\/p>\n\n\n\n<p>Dar\u00fcber hinaus biete ich ein <strong>individuelles &#8222;Lese- und Rechtschreibtraining&#8220;<\/strong> f\u00fcr Kinder ab Klasse 4 an, in welches meine langj\u00e4hrige Erfahrung als Lehrerin im Fach Deutsch, meine Ausbildung im Bereich &#8222;Gesundheit und Entspannung&#8220; sowie meine ganz pers\u00f6nliche positive und motivierende Art einflie\u00dfen. <\/p>\n\n\n<p><span style=\"color: #333399;\"><strong>F\u00fcr mehr Informationen klickst du bitte auf die jeweilige Leiste im Men\u00fc.<\/strong><\/span><\/p>\n<p><strong>&nbsp;<span style=\"color: #339966;\">Viel Spa\u00df beim St\u00f6bern und Entdecken<\/span> !<\/strong><\/p>\n<p><strong><span style=\"color: #ff6600;\"><em>Astrid<\/em> \ud83d\ude42 <\/span><\/strong>&nbsp;<\/p>\n<p><\/p>","protected":false},"excerpt":{"rendered":"<p>Ich bin Astrid Zummach, Berufsp\u00e4dagogin, Tanzp\u00e4dagogin, Trainerin f\u00fcr Gesundheitssport und ich war von 2002 bis 2010 Studienr\u00e4tin f\u00fcr Deutsch und Textil an einer Berufsbildenden Schule in Braunschweig. Im Herbst 2010 habe ich &#8220; Anders- Kreative Kurse und Ideen&#8220; ins Leben &hellip; <a href=\"https:\/\/anders-kreative-kurse-peine.de\/\">Weiterlesen <span class=\"meta-nav\">&rarr;<\/span><\/a><\/p>\n","protected":false},"author":1,"featured_media":0,"parent":0,"menu_order":0,"comment_status":"closed","ping_status":"open","template":"","meta":[],"_links":{"self":[{"href":"https:\/\/anders-kreative-kurse-peine.de\/index.php?rest_route=\/wp\/v2\/pages\/88"}],"collection":[{"href":"https:\/\/anders-kreative-kurse-peine.de\/index.php?rest_route=\/wp\/v2\/pages"}],"about":[{"href":"https:\/\/anders-kreative-kurse-peine.de\/index.php?rest_route=\/wp\/v2\/types\/page"}],"author":[{"embeddable":true,"href":"https:\/\/anders-kreative-kurse-peine.de\/index.php?rest_route=\/wp\/v2\/users\/1"}],"replies":[{"embeddable":true,"href":"https:\/\/anders-kreative-kurse-peine.de\/index.php?rest_route=%2Fwp%2Fv2%2Fcomments&post=88"}],"version-history":[{"count":66,"href":"https:\/\/anders-kreative-kurse-peine.de\/index.php?rest_route=\/wp\/v2\/pages\/88\/revisions"}],"predecessor-version":[{"id":1500,"href":"https:\/\/anders-kreative-kurse-peine.de\/index.php?rest_route=\/wp\/v2\/pages\/88\/revisions\/1500"}],"wp:attachment":[{"href":"https:\/\/anders-kreative-kurse-peine.de\/index.php?rest_route=%2Fwp%2Fv2%2Fmedia&parent=88"}],"curies":[{"name":"wp","href":"https:\/\/api.w.org\/{rel}","templated":true}]}}