{"id":316,"date":"2013-06-17T08:14:47","date_gmt":"2013-06-17T08:14:47","guid":{"rendered":"http:\/\/anders-kreative-kurse-peine.de\/?page_id=316"},"modified":"2026-02-11T08:47:49","modified_gmt":"2026-02-11T08:47:49","slug":"sommerferien-2013","status":"publish","type":"page","link":"https:\/\/anders-kreative-kurse-peine.de\/?page_id=316","title":{"rendered":"Ferien- N\u00e4h-Kurse Ostern 2026"},"content":{"rendered":"\n<h4>&nbsp;<\/h4>\n\n\n\n<h4><span style=\"color: #800000;\">Grunds\u00e4tzliches zu den Ferienangeboten:<\/span><\/h4>\n\n\n\n<h4><span style=\"color: #0000ff;\"><strong><span style=\"text-decoration: underline;\">N\u00e4hen mit der N\u00e4hmaschine f\u00fcr Kinder (ab 8 Jahre)<\/span><\/strong><\/span><\/h4>\n\n\n\n<p>Dieses Angebot ist geeignet f\u00fcr <strong><span style=\"color: #008000;\">Kinder ab 8 Jahre<\/span>, <span style=\"color: #3366ff;\">Vorkenntnisse im N\u00e4hen sind nicht erforderlich.<\/span><\/strong><\/p>\n\n\n\n<p><span style=\"color: #333399;\"><strong>Maschinen und N\u00e4hzubeh\u00f6r<\/strong><\/span> (Scheren, Nadeln etc.) stelle ich auf Wunsch w\u00e4hrend des Kurses kostenlos zur Verf\u00fcgung.<\/p>\n\n\n\n<p><span style=\"color: #800080;\"><strong>Das N\u00e4hmaterial<\/strong><\/span> (Stoffe, Garn, F\u00fcllwatte, etc.) kaufen Sie vorab f\u00fcr das gew\u00fcnschte Projekt ein.&nbsp;<\/p>\n\n\n\n<p>F\u00fcr diesen Kurs ist eine <span style=\"color: #ff6600;\"><strong>Vorbesprechung verpflichtend<\/strong><\/span>, um an den vier gebuchten Tagen wirklich effektiv arbeiten zu k\u00f6nnen. <strong>Der Termin f\u00fcr die Vorbesprechung wird individuell vereinbart und sollte sp\u00e4testens eine Woche VOR Beginn des Kurses erfolgen.&nbsp;<\/strong><\/p>\n\n\n\n<figure class=\"wp-block-image size-large\"><img decoding=\"async\" loading=\"lazy\" width=\"1024\" height=\"767\" src=\"http:\/\/anders-kreative-kurse-peine.de\/wp-content\/uploads\/2012\/02\/04_kreative-Events1-1024x767.jpg\" alt=\"\" class=\"wp-image-165\"\/><\/figure>\n\n\n\n<p><\/p>\n\n\n\n<p><strong>Die Termine und Preise<\/strong>:   <\/p>\n\n\n\n<p>Montag, 30.03. bis Donnerstag 02.04. 2026    immer von 9.30 -12.30 Uhr<\/p>\n\n\n\n<p><strong>2 Pl\u00e4tze frei !<\/strong><\/p>\n\n\n\n<p>Kosten: 155,-\u20ac (exklusive Material!)<\/p>\n\n\n\n<p><strong> <\/strong><\/p>\n\n\n\n<p><strong>Kontakt:&nbsp;<\/strong><\/p>\n\n\n\n<p><strong><span style=\"color: #000080;\">E- Mail :&nbsp; astridzummach@gmx.net<\/span><\/strong><\/p>\n\n\n\n<p>Festnetz: <strong><span style=\"color: #333333;\">05171- 76 91 90<\/span><\/strong> (am besten abends zwischen 20.00 und 21.00 Uhr)<\/p>\n\n\n\n<p>&nbsp; &nbsp; &nbsp; &nbsp; &nbsp; &nbsp; &nbsp; &nbsp;<strong><span style=\"color: #008000;\">What\u00b4s App<\/span> (keine Anrufe!):<\/strong> <strong><span style=\"color: #008000;\">0177 40 700 46<\/span><\/strong><\/p>\n\n\n\n<p><\/p>\n","protected":false},"excerpt":{"rendered":"<p>&nbsp; Grunds\u00e4tzliches zu den Ferienangeboten: N\u00e4hen mit der N\u00e4hmaschine f\u00fcr Kinder (ab 8 Jahre) Dieses Angebot ist geeignet f\u00fcr Kinder ab 8 Jahre, Vorkenntnisse im N\u00e4hen sind nicht erforderlich. Maschinen und N\u00e4hzubeh\u00f6r (Scheren, Nadeln etc.) stelle ich auf Wunsch w\u00e4hrend &hellip; <a href=\"https:\/\/anders-kreative-kurse-peine.de\/?page_id=316\">Weiterlesen <span class=\"meta-nav\">&rarr;<\/span><\/a><\/p>\n","protected":false},"author":1,"featured_media":0,"parent":0,"menu_order":0,"comment_status":"open","ping_status":"open","template":"","meta":[],"_links":{"self":[{"href":"https:\/\/anders-kreative-kurse-peine.de\/index.php?rest_route=\/wp\/v2\/pages\/316"}],"collection":[{"href":"https:\/\/anders-kreative-kurse-peine.de\/index.php?rest_route=\/wp\/v2\/pages"}],"about":[{"href":"https:\/\/anders-kreative-kurse-peine.de\/index.php?rest_route=\/wp\/v2\/types\/page"}],"author":[{"embeddable":true,"href":"https:\/\/anders-kreative-kurse-peine.de\/index.php?rest_route=\/wp\/v2\/users\/1"}],"replies":[{"embeddable":true,"href":"https:\/\/anders-kreative-kurse-peine.de\/index.php?rest_route=%2Fwp%2Fv2%2Fcomments&post=316"}],"version-history":[{"count":271,"href":"https:\/\/anders-kreative-kurse-peine.de\/index.php?rest_route=\/wp\/v2\/pages\/316\/revisions"}],"predecessor-version":[{"id":1727,"href":"https:\/\/anders-kreative-kurse-peine.de\/index.php?rest_route=\/wp\/v2\/pages\/316\/revisions\/1727"}],"wp:attachment":[{"href":"https:\/\/anders-kreative-kurse-peine.de\/index.php?rest_route=%2Fwp%2Fv2%2Fmedia&parent=316"}],"curies":[{"name":"wp","href":"https:\/\/api.w.org\/{rel}","templated":true}]}}