{"id":1683,"date":"2025-08-07T15:16:33","date_gmt":"2025-08-07T15:16:33","guid":{"rendered":"https:\/\/anders-kreative-kurse-peine.de\/?page_id=1683"},"modified":"2026-04-09T14:21:48","modified_gmt":"2026-04-09T14:21:48","slug":"naeh-treff-erwachsene-anfaengerinnen","status":"publish","type":"page","link":"https:\/\/anders-kreative-kurse-peine.de\/?page_id=1683","title":{"rendered":"N\u00e4h-Treff Erwachsene Anf\u00e4ngerinnen"},"content":{"rendered":"\n<p><\/p>\n\n\n\n<p>Willkommen im N\u00e4h-Treff f\u00fcr Erwachsene \ud83d\ude42 <\/p>\n\n\n\n<p>Zu den angegebenen Terminen treffen sich N\u00e4h-Anf\u00e4ngerinnen, um erste einfache Projekte an der N\u00e4hmaschine zu erstellen. Du lernst die Maschine kennen (entweder deine eigene oder du nutzt meine Maschine), lernst mit Schnittmustern umzugehen, Stoffe auszuw\u00e4hlen, etc. <\/p>\n\n\n\n<p><strong>Termine:<\/strong> <\/p>\n\n\n\n<p>Montags, 18.30-20.00 Uhr<\/p>\n\n\n\n<p>Donnerstags, 18.30-20.00 Uhr<\/p>\n\n\n\n<p>Kosten: 17,50 \u20ac je Termin  (exklusive Material!) <\/p>\n\n\n\n<p>Derzeit sind immer mal wieder Einzeltermine buchbar. <\/p>\n\n\n\n<p>Vielleicht ist dein Wunschtermin frei?!<\/p>\n\n\n\n<p><strong>Kontakt<\/strong>: <\/p>\n\n\n\n<p>E-Mail:  astridzummach@gmx.net<\/p>\n\n\n\n<p>What\u00b4s App: (keine Anrufe!): 0177 40 700 46<\/p>\n","protected":false},"excerpt":{"rendered":"<p>Willkommen im N\u00e4h-Treff f\u00fcr Erwachsene \ud83d\ude42 Zu den angegebenen Terminen treffen sich N\u00e4h-Anf\u00e4ngerinnen, um erste einfache Projekte an der N\u00e4hmaschine zu erstellen. Du lernst die Maschine kennen (entweder deine eigene oder du nutzt meine Maschine), lernst mit Schnittmustern umzugehen, Stoffe &hellip; <a href=\"https:\/\/anders-kreative-kurse-peine.de\/?page_id=1683\">Weiterlesen <span class=\"meta-nav\">&rarr;<\/span><\/a><\/p>\n","protected":false},"author":1,"featured_media":0,"parent":0,"menu_order":0,"comment_status":"closed","ping_status":"closed","template":"","meta":[],"_links":{"self":[{"href":"https:\/\/anders-kreative-kurse-peine.de\/index.php?rest_route=\/wp\/v2\/pages\/1683"}],"collection":[{"href":"https:\/\/anders-kreative-kurse-peine.de\/index.php?rest_route=\/wp\/v2\/pages"}],"about":[{"href":"https:\/\/anders-kreative-kurse-peine.de\/index.php?rest_route=\/wp\/v2\/types\/page"}],"author":[{"embeddable":true,"href":"https:\/\/anders-kreative-kurse-peine.de\/index.php?rest_route=\/wp\/v2\/users\/1"}],"replies":[{"embeddable":true,"href":"https:\/\/anders-kreative-kurse-peine.de\/index.php?rest_route=%2Fwp%2Fv2%2Fcomments&post=1683"}],"version-history":[{"count":8,"href":"https:\/\/anders-kreative-kurse-peine.de\/index.php?rest_route=\/wp\/v2\/pages\/1683\/revisions"}],"predecessor-version":[{"id":1736,"href":"https:\/\/anders-kreative-kurse-peine.de\/index.php?rest_route=\/wp\/v2\/pages\/1683\/revisions\/1736"}],"wp:attachment":[{"href":"https:\/\/anders-kreative-kurse-peine.de\/index.php?rest_route=%2Fwp%2Fv2%2Fmedia&parent=1683"}],"curies":[{"name":"wp","href":"https:\/\/api.w.org\/{rel}","templated":true}]}}